{"id":10099,"date":"2023-10-27T12:43:03","date_gmt":"2023-10-27T09:43:03","guid":{"rendered":"https:\/\/supertop.md\/?post_type=product&#038;p=10099"},"modified":"2023-12-04T15:46:49","modified_gmt":"2023-12-04T13:46:49","slug":"hirtie-rezistenta-la-grasimi-6-29cm-siliconata-alba","status":"publish","type":"product","link":"https:\/\/supertop.md\/ru\/product\/hirtie-rezistenta-la-grasimi-6-29cm-siliconata-alba\/","title":{"rendered":"H\u00eertie rezistent\u0103 la gr\u0103simi 29cm 6 siliconat\u0103 Alb\u0103"},"content":{"rendered":"","protected":false},"excerpt":{"rendered":"","protected":false},"featured_media":10575,"template":"","meta":[],"product_brand":[],"product_cat":[122],"product_tag":[],"class_list":{"0":"post-10099","1":"product","2":"type-product","3":"status-publish","4":"has-post-thumbnail","6":"product_cat-hartie-rezistenta-la-grasimi","8":"first","9":"instock","10":"shipping-taxable","11":"product-type-simple"},"aioseo_notices":[],"_links":{"self":[{"href":"https:\/\/supertop.md\/ru\/wp-json\/wp\/v2\/product\/10099","targetHints":{"allow":["GET"]}}],"collection":[{"href":"https:\/\/supertop.md\/ru\/wp-json\/wp\/v2\/product"}],"about":[{"href":"https:\/\/supertop.md\/ru\/wp-json\/wp\/v2\/types\/product"}],"version-history":[{"count":3,"href":"https:\/\/supertop.md\/ru\/wp-json\/wp\/v2\/product\/10099\/revisions"}],"predecessor-version":[{"id":10606,"href":"https:\/\/supertop.md\/ru\/wp-json\/wp\/v2\/product\/10099\/revisions\/10606"}],"wp:featuredmedia":[{"embeddable":true,"href":"https:\/\/supertop.md\/ru\/wp-json\/wp\/v2\/media\/10575"}],"wp:attachment":[{"href":"https:\/\/supertop.md\/ru\/wp-json\/wp\/v2\/media?parent=10099"}],"wp:term":[{"taxonomy":"product_brand","embeddable":true,"href":"https:\/\/supertop.md\/ru\/wp-json\/wp\/v2\/product_brand?post=10099"},{"taxonomy":"product_cat","embeddable":true,"href":"https:\/\/supertop.md\/ru\/wp-json\/wp\/v2\/product_cat?post=10099"},{"taxonomy":"product_tag","embeddable":true,"href":"https:\/\/supertop.md\/ru\/wp-json\/wp\/v2\/product_tag?post=10099"}],"curies":[{"name":"wp","href":"https:\/\/api.w.org\/{rel}","templated":true}]}}