{"id":10105,"date":"2023-10-27T12:48:57","date_gmt":"2023-10-27T09:48:57","guid":{"rendered":"https:\/\/supertop.md\/?post_type=product&#038;p=10105"},"modified":"2023-12-04T15:46:19","modified_gmt":"2023-12-04T13:46:19","slug":"hartie-rezistenta-la-grasimi-50-29cm-siliconata-alba","status":"publish","type":"product","link":"https:\/\/supertop.md\/ru\/product\/hartie-rezistenta-la-grasimi-50-29cm-siliconata-alba\/","title":{"rendered":"H\u00e2rtie rezistent\u0103 la gr\u0103simi 29cm 50 siliconat\u0103 Alb\u0103"},"content":{"rendered":"","protected":false},"excerpt":{"rendered":"","protected":false},"featured_media":10579,"template":"","meta":[],"product_brand":[],"product_cat":[122],"product_tag":[],"class_list":{"0":"post-10105","1":"product","2":"type-product","3":"status-publish","4":"has-post-thumbnail","6":"product_cat-hartie-rezistenta-la-grasimi","8":"first","9":"instock","10":"shipping-taxable","11":"product-type-simple"},"aioseo_notices":[],"_links":{"self":[{"href":"https:\/\/supertop.md\/ru\/wp-json\/wp\/v2\/product\/10105","targetHints":{"allow":["GET"]}}],"collection":[{"href":"https:\/\/supertop.md\/ru\/wp-json\/wp\/v2\/product"}],"about":[{"href":"https:\/\/supertop.md\/ru\/wp-json\/wp\/v2\/types\/product"}],"version-history":[{"count":2,"href":"https:\/\/supertop.md\/ru\/wp-json\/wp\/v2\/product\/10105\/revisions"}],"predecessor-version":[{"id":10610,"href":"https:\/\/supertop.md\/ru\/wp-json\/wp\/v2\/product\/10105\/revisions\/10610"}],"wp:featuredmedia":[{"embeddable":true,"href":"https:\/\/supertop.md\/ru\/wp-json\/wp\/v2\/media\/10579"}],"wp:attachment":[{"href":"https:\/\/supertop.md\/ru\/wp-json\/wp\/v2\/media?parent=10105"}],"wp:term":[{"taxonomy":"product_brand","embeddable":true,"href":"https:\/\/supertop.md\/ru\/wp-json\/wp\/v2\/product_brand?post=10105"},{"taxonomy":"product_cat","embeddable":true,"href":"https:\/\/supertop.md\/ru\/wp-json\/wp\/v2\/product_cat?post=10105"},{"taxonomy":"product_tag","embeddable":true,"href":"https:\/\/supertop.md\/ru\/wp-json\/wp\/v2\/product_tag?post=10105"}],"curies":[{"name":"wp","href":"https:\/\/api.w.org\/{rel}","templated":true}]}}