{"id":10125,"date":"2023-10-27T12:58:17","date_gmt":"2023-10-27T09:58:17","guid":{"rendered":"https:\/\/supertop.md\/?post_type=product&#038;p=10125"},"modified":"2023-12-04T15:48:31","modified_gmt":"2023-12-04T13:48:31","slug":"hartie-rezistenta-la-grasimi-38cm42cm-siliconata-cafeniu","status":"publish","type":"product","link":"https:\/\/supertop.md\/ru\/product\/hartie-rezistenta-la-grasimi-38cm42cm-siliconata-cafeniu\/","title":{"rendered":"H\u00e2rtie rezistent\u0103 la gr\u0103simi \u00een cutiu\u021b\u0103 38cm*42cm siliconat\u0103 Cafeniu"},"content":{"rendered":"","protected":false},"excerpt":{"rendered":"","protected":false},"featured_media":10620,"template":"","meta":[],"product_brand":[],"product_cat":[122],"product_tag":[],"class_list":{"0":"post-10125","1":"product","2":"type-product","3":"status-publish","4":"has-post-thumbnail","6":"product_cat-hartie-rezistenta-la-grasimi","8":"first","9":"instock","10":"shipping-taxable","11":"product-type-simple"},"aioseo_notices":[],"_links":{"self":[{"href":"https:\/\/supertop.md\/ru\/wp-json\/wp\/v2\/product\/10125","targetHints":{"allow":["GET"]}}],"collection":[{"href":"https:\/\/supertop.md\/ru\/wp-json\/wp\/v2\/product"}],"about":[{"href":"https:\/\/supertop.md\/ru\/wp-json\/wp\/v2\/types\/product"}],"version-history":[{"count":2,"href":"https:\/\/supertop.md\/ru\/wp-json\/wp\/v2\/product\/10125\/revisions"}],"predecessor-version":[{"id":10127,"href":"https:\/\/supertop.md\/ru\/wp-json\/wp\/v2\/product\/10125\/revisions\/10127"}],"wp:featuredmedia":[{"embeddable":true,"href":"https:\/\/supertop.md\/ru\/wp-json\/wp\/v2\/media\/10620"}],"wp:attachment":[{"href":"https:\/\/supertop.md\/ru\/wp-json\/wp\/v2\/media?parent=10125"}],"wp:term":[{"taxonomy":"product_brand","embeddable":true,"href":"https:\/\/supertop.md\/ru\/wp-json\/wp\/v2\/product_brand?post=10125"},{"taxonomy":"product_cat","embeddable":true,"href":"https:\/\/supertop.md\/ru\/wp-json\/wp\/v2\/product_cat?post=10125"},{"taxonomy":"product_tag","embeddable":true,"href":"https:\/\/supertop.md\/ru\/wp-json\/wp\/v2\/product_tag?post=10125"}],"curies":[{"name":"wp","href":"https:\/\/api.w.org\/{rel}","templated":true}]}}