{"id":10727,"date":"2023-12-05T16:47:59","date_gmt":"2023-12-05T14:47:59","guid":{"rendered":"https:\/\/supertop.md\/?post_type=product&#038;p=10727"},"modified":"2023-12-05T16:47:59","modified_gmt":"2023-12-05T14:47:59","slug":"hirtie-rezistenta-la-grasimi-3842-20-foi-separate","status":"publish","type":"product","link":"https:\/\/supertop.md\/ru\/product\/hirtie-rezistenta-la-grasimi-3842-20-foi-separate\/","title":{"rendered":"H\u00eertie rezistent\u0103 la gr\u0103simi 38*42 20 foi separate"},"content":{"rendered":"","protected":false},"excerpt":{"rendered":"","protected":false},"featured_media":10604,"template":"","meta":[],"product_brand":[],"product_cat":[122],"product_tag":[],"class_list":{"0":"post-10727","1":"product","2":"type-product","3":"status-publish","4":"has-post-thumbnail","6":"product_cat-hartie-rezistenta-la-grasimi","8":"first","9":"instock","10":"shipping-taxable","11":"product-type-simple"},"aioseo_notices":[],"_links":{"self":[{"href":"https:\/\/supertop.md\/ru\/wp-json\/wp\/v2\/product\/10727","targetHints":{"allow":["GET"]}}],"collection":[{"href":"https:\/\/supertop.md\/ru\/wp-json\/wp\/v2\/product"}],"about":[{"href":"https:\/\/supertop.md\/ru\/wp-json\/wp\/v2\/types\/product"}],"version-history":[{"count":1,"href":"https:\/\/supertop.md\/ru\/wp-json\/wp\/v2\/product\/10727\/revisions"}],"predecessor-version":[{"id":10728,"href":"https:\/\/supertop.md\/ru\/wp-json\/wp\/v2\/product\/10727\/revisions\/10728"}],"wp:featuredmedia":[{"embeddable":true,"href":"https:\/\/supertop.md\/ru\/wp-json\/wp\/v2\/media\/10604"}],"wp:attachment":[{"href":"https:\/\/supertop.md\/ru\/wp-json\/wp\/v2\/media?parent=10727"}],"wp:term":[{"taxonomy":"product_brand","embeddable":true,"href":"https:\/\/supertop.md\/ru\/wp-json\/wp\/v2\/product_brand?post=10727"},{"taxonomy":"product_cat","embeddable":true,"href":"https:\/\/supertop.md\/ru\/wp-json\/wp\/v2\/product_cat?post=10727"},{"taxonomy":"product_tag","embeddable":true,"href":"https:\/\/supertop.md\/ru\/wp-json\/wp\/v2\/product_tag?post=10727"}],"curies":[{"name":"wp","href":"https:\/\/api.w.org\/{rel}","templated":true}]}}