{"id":8681,"date":"2023-09-03T16:41:32","date_gmt":"2023-09-03T13:41:32","guid":{"rendered":"https:\/\/supertop.md\/?post_type=product&#038;p=8681"},"modified":"2023-12-04T15:47:25","modified_gmt":"2023-12-04T13:47:25","slug":"hirtie-rezistenta-la-grasimi-6-29cm-1cut50buc-alba","status":"publish","type":"product","link":"https:\/\/supertop.md\/ru\/product\/hirtie-rezistenta-la-grasimi-6-29cm-1cut50buc-alba\/","title":{"rendered":"H\u00e2rtie rezistent\u0103 la gr\u0103simi 38cm 25 siliconat\u0103 Alb\u0103"},"content":{"rendered":"","protected":false},"excerpt":{"rendered":"","protected":false},"featured_media":10583,"template":"","meta":[],"product_brand":[],"product_cat":[122],"product_tag":[],"class_list":{"0":"post-8681","1":"product","2":"type-product","3":"status-publish","4":"has-post-thumbnail","6":"product_cat-hartie-rezistenta-la-grasimi","8":"first","9":"instock","10":"shipping-taxable","11":"product-type-simple"},"aioseo_notices":[],"_links":{"self":[{"href":"https:\/\/supertop.md\/ru\/wp-json\/wp\/v2\/product\/8681","targetHints":{"allow":["GET"]}}],"collection":[{"href":"https:\/\/supertop.md\/ru\/wp-json\/wp\/v2\/product"}],"about":[{"href":"https:\/\/supertop.md\/ru\/wp-json\/wp\/v2\/types\/product"}],"version-history":[{"count":4,"href":"https:\/\/supertop.md\/ru\/wp-json\/wp\/v2\/product\/8681\/revisions"}],"predecessor-version":[{"id":10609,"href":"https:\/\/supertop.md\/ru\/wp-json\/wp\/v2\/product\/8681\/revisions\/10609"}],"wp:featuredmedia":[{"embeddable":true,"href":"https:\/\/supertop.md\/ru\/wp-json\/wp\/v2\/media\/10583"}],"wp:attachment":[{"href":"https:\/\/supertop.md\/ru\/wp-json\/wp\/v2\/media?parent=8681"}],"wp:term":[{"taxonomy":"product_brand","embeddable":true,"href":"https:\/\/supertop.md\/ru\/wp-json\/wp\/v2\/product_brand?post=8681"},{"taxonomy":"product_cat","embeddable":true,"href":"https:\/\/supertop.md\/ru\/wp-json\/wp\/v2\/product_cat?post=8681"},{"taxonomy":"product_tag","embeddable":true,"href":"https:\/\/supertop.md\/ru\/wp-json\/wp\/v2\/product_tag?post=8681"}],"curies":[{"name":"wp","href":"https:\/\/api.w.org\/{rel}","templated":true}]}}