{"id":8684,"date":"2023-09-03T16:43:12","date_gmt":"2023-09-03T13:43:12","guid":{"rendered":"https:\/\/supertop.md\/?post_type=product&#038;p=8684"},"modified":"2023-12-04T15:47:06","modified_gmt":"2023-12-04T13:47:06","slug":"hartie-rezistenta-la-grasimi-6-38cm-1cut50buc-alba","status":"publish","type":"product","link":"https:\/\/supertop.md\/ru\/product\/hartie-rezistenta-la-grasimi-6-38cm-1cut50buc-alba\/","title":{"rendered":"H\u00e2rtie rezistent\u0103 la gr\u0103simi 29cm 25 siliconat\u0103 Alb\u0103"},"content":{"rendered":"","protected":false},"excerpt":{"rendered":"","protected":false},"featured_media":10577,"template":"","meta":[],"product_brand":[],"product_cat":[122],"product_tag":[],"class_list":{"0":"post-8684","1":"product","2":"type-product","3":"status-publish","4":"has-post-thumbnail","6":"product_cat-hartie-rezistenta-la-grasimi","8":"first","9":"instock","10":"shipping-taxable","11":"product-type-simple"},"aioseo_notices":[],"_links":{"self":[{"href":"https:\/\/supertop.md\/ru\/wp-json\/wp\/v2\/product\/8684","targetHints":{"allow":["GET"]}}],"collection":[{"href":"https:\/\/supertop.md\/ru\/wp-json\/wp\/v2\/product"}],"about":[{"href":"https:\/\/supertop.md\/ru\/wp-json\/wp\/v2\/types\/product"}],"version-history":[{"count":3,"href":"https:\/\/supertop.md\/ru\/wp-json\/wp\/v2\/product\/8684\/revisions"}],"predecessor-version":[{"id":10608,"href":"https:\/\/supertop.md\/ru\/wp-json\/wp\/v2\/product\/8684\/revisions\/10608"}],"wp:featuredmedia":[{"embeddable":true,"href":"https:\/\/supertop.md\/ru\/wp-json\/wp\/v2\/media\/10577"}],"wp:attachment":[{"href":"https:\/\/supertop.md\/ru\/wp-json\/wp\/v2\/media?parent=8684"}],"wp:term":[{"taxonomy":"product_brand","embeddable":true,"href":"https:\/\/supertop.md\/ru\/wp-json\/wp\/v2\/product_brand?post=8684"},{"taxonomy":"product_cat","embeddable":true,"href":"https:\/\/supertop.md\/ru\/wp-json\/wp\/v2\/product_cat?post=8684"},{"taxonomy":"product_tag","embeddable":true,"href":"https:\/\/supertop.md\/ru\/wp-json\/wp\/v2\/product_tag?post=8684"}],"curies":[{"name":"wp","href":"https:\/\/api.w.org\/{rel}","templated":true}]}}